{"id":233,"date":"2022-07-04T16:37:16","date_gmt":"2022-07-04T14:37:16","guid":{"rendered":"https:\/\/floressence.pt\/?page_id=233"},"modified":"2025-04-07T16:38:09","modified_gmt":"2025-04-07T14:38:09","slug":"impressum","status":"publish","type":"page","link":"https:\/\/floressence.pt\/?page_id=233","title":{"rendered":"Impressum"},"content":{"rendered":"<p>[et_pb_section fb_built=&#8220;1&#8243; _builder_version=&#8220;4.16.0&#8243; _module_preset=&#8220;default&#8220; global_colors_info=&#8220;{}&#8220;][et_pb_row _builder_version=&#8220;4.16.0&#8243; _module_preset=&#8220;default&#8220; global_colors_info=&#8220;{}&#8220;][et_pb_column type=&#8220;4_4&#8243; _builder_version=&#8220;4.16.0&#8243; _module_preset=&#8220;default&#8220; global_colors_info=&#8220;{}&#8220;][et_pb_text _builder_version=&#8220;4.16.0&#8243; _module_preset=&#8220;default&#8220; text_font=&#8220;Source Sans Pro||||||||&#8220; custom_padding=&#8220;||0px|||&#8220; global_colors_info=&#8220;{}&#8220;]<\/p>\n<p>Quintessence Naturprodukte GmbH<br \/><span style=\"background-color: transparent; letter-spacing: 0px;\">Wolfegger Str. 6\u00a0<\/span><br \/>88267 Vogt<br \/>Alemanha<\/p>\n<p>Telefone: 0049 75 29 &#8211; 973 730<br \/>Fax: 0049 75 29 &#8211; 973 740<br \/>E-mail: info@natuerlich-quintessence.de<br \/>Internet:\u00a0<a target=\"_self\" href=\"http:\/\/www.natuerlich-quintessence.de\" rel=\"noopener\">www.natuerlich-quintessence.de<\/a><\/p>\n<p>&nbsp;<\/p>\n<p>Quintessence Naturprodukte GmbH \u00e9 representada pelo s\u00f3cio pessoalmente respons\u00e1vel: Quintessence Verwaltungs GmbH, AG Ulm, HRB 552614; esta \u00e9 representada por: Director Executivo: Udo Massong<\/p>\n<p>&nbsp;<\/p>\n<p><b>Tribunal de Registo: <\/b>Tribunal Local de Ulm<br \/><b>Registo comercial<br \/>N\u00famero de registo:<\/b> HRB 552614<\/p>\n<p>&nbsp;<\/p>\n<p><strong>N\u00famero de identifica\u00e7\u00e3o fiscal de acordo com \u00a7 27a Lei do Imposto sobre as Vendas<\/strong>: DE369623454<\/p>\n<p>[\/et_pb_text][\/et_pb_column][\/et_pb_row][\/et_pb_section]<\/p>\n","protected":false},"excerpt":{"rendered":"<p>Quintessence Naturprodukte GmbHWolfegger Str. 6\u00a088267 VogtAlemanha Telefone: 0049 75 29 &#8211; 973 730Fax: 0049 75 29 &#8211; 973 740E-mail: info@natuerlich-quintessence.deInternet:\u00a0www.natuerlich-quintessence.de &nbsp; Quintessence Naturprodukte GmbH \u00e9 representada pelo s\u00f3cio pessoalmente respons\u00e1vel: Quintessence Verwaltungs GmbH, AG Ulm, HRB 552614; esta \u00e9 representada por: Director Executivo: Udo Massong &nbsp; Tribunal de Registo: Tribunal Local de UlmRegisto comercialN\u00famero de [&hellip;]<\/p>\n","protected":false},"author":1,"featured_media":0,"parent":0,"menu_order":0,"comment_status":"closed","ping_status":"closed","template":"","meta":{"_et_pb_use_builder":"on","_et_pb_old_content":"","_et_gb_content_width":"","footnotes":""},"class_list":["post-233","page","type-page","status-publish","hentry"],"yoast_head":"<!-- This site is optimized with the Yoast SEO plugin v27.1.1 - https:\/\/yoast.com\/product\/yoast-seo-wordpress\/ -->\n<title>Impressum - Flor Essence<\/title>\n<meta name=\"robots\" content=\"index, follow, max-snippet:-1, max-image-preview:large, max-video-preview:-1\" \/>\n<link rel=\"canonical\" href=\"https:\/\/floressence.pt\/?page_id=233\" \/>\n<meta property=\"og:locale\" content=\"de_DE\" \/>\n<meta property=\"og:type\" content=\"article\" \/>\n<meta property=\"og:title\" content=\"Impressum - Flor Essence\" \/>\n<meta property=\"og:description\" content=\"Quintessence Naturprodukte GmbHWolfegger Str. 6\u00a088267 VogtAlemanha Telefone: 0049 75 29 - 973 730Fax: 0049 75 29 - 973 740E-mail: info@natuerlich-quintessence.deInternet:\u00a0www.natuerlich-quintessence.de &nbsp; Quintessence Naturprodukte GmbH \u00e9 representada pelo s\u00f3cio pessoalmente respons\u00e1vel: Quintessence Verwaltungs GmbH, AG Ulm, HRB 552614; esta \u00e9 representada por: Director Executivo: Udo Massong &nbsp; Tribunal de Registo: Tribunal Local de UlmRegisto comercialN\u00famero de [&hellip;]\" \/>\n<meta property=\"og:url\" content=\"https:\/\/floressence.pt\/?page_id=233\" \/>\n<meta property=\"og:site_name\" content=\"Flor Essence\" \/>\n<meta property=\"article:modified_time\" content=\"2025-04-07T14:38:09+00:00\" \/>\n<meta name=\"twitter:card\" content=\"summary_large_image\" \/>\n<meta name=\"twitter:label1\" content=\"Gesch\u00e4tzte Lesezeit\" \/>\n\t<meta name=\"twitter:data1\" content=\"1\u00a0Minute\" \/>\n<script type=\"application\/ld+json\" class=\"yoast-schema-graph\">{\"@context\":\"https:\/\/schema.org\",\"@graph\":[{\"@type\":\"WebPage\",\"@id\":\"https:\/\/floressence.pt\/?page_id=233\",\"url\":\"https:\/\/floressence.pt\/?page_id=233\",\"name\":\"Impressum - Flor Essence\",\"isPartOf\":{\"@id\":\"https:\/\/floressence.pt\/#website\"},\"datePublished\":\"2022-07-04T14:37:16+00:00\",\"dateModified\":\"2025-04-07T14:38:09+00:00\",\"breadcrumb\":{\"@id\":\"https:\/\/floressence.pt\/?page_id=233#breadcrumb\"},\"inLanguage\":\"de\",\"potentialAction\":[{\"@type\":\"ReadAction\",\"target\":[\"https:\/\/floressence.pt\/?page_id=233\"]}]},{\"@type\":\"BreadcrumbList\",\"@id\":\"https:\/\/floressence.pt\/?page_id=233#breadcrumb\",\"itemListElement\":[{\"@type\":\"ListItem\",\"position\":1,\"name\":\"Startseite\",\"item\":\"https:\/\/floressence.pt\/\"},{\"@type\":\"ListItem\",\"position\":2,\"name\":\"Impressum\"}]},{\"@type\":\"WebSite\",\"@id\":\"https:\/\/floressence.pt\/#website\",\"url\":\"https:\/\/floressence.pt\/\",\"name\":\"Flor Essence\",\"description\":\"Flor Essence\",\"potentialAction\":[{\"@type\":\"SearchAction\",\"target\":{\"@type\":\"EntryPoint\",\"urlTemplate\":\"https:\/\/floressence.pt\/?s={search_term_string}\"},\"query-input\":{\"@type\":\"PropertyValueSpecification\",\"valueRequired\":true,\"valueName\":\"search_term_string\"}}],\"inLanguage\":\"de\"}]}<\/script>\n<!-- \/ Yoast SEO plugin. -->","yoast_head_json":{"title":"Impressum - Flor Essence","robots":{"index":"index","follow":"follow","max-snippet":"max-snippet:-1","max-image-preview":"max-image-preview:large","max-video-preview":"max-video-preview:-1"},"canonical":"https:\/\/floressence.pt\/?page_id=233","og_locale":"de_DE","og_type":"article","og_title":"Impressum - Flor Essence","og_description":"Quintessence Naturprodukte GmbHWolfegger Str. 6\u00a088267 VogtAlemanha Telefone: 0049 75 29 - 973 730Fax: 0049 75 29 - 973 740E-mail: info@natuerlich-quintessence.deInternet:\u00a0www.natuerlich-quintessence.de &nbsp; Quintessence Naturprodukte GmbH \u00e9 representada pelo s\u00f3cio pessoalmente respons\u00e1vel: Quintessence Verwaltungs GmbH, AG Ulm, HRB 552614; esta \u00e9 representada por: Director Executivo: Udo Massong &nbsp; Tribunal de Registo: Tribunal Local de UlmRegisto comercialN\u00famero de [&hellip;]","og_url":"https:\/\/floressence.pt\/?page_id=233","og_site_name":"Flor Essence","article_modified_time":"2025-04-07T14:38:09+00:00","twitter_card":"summary_large_image","twitter_misc":{"Gesch\u00e4tzte Lesezeit":"1\u00a0Minute"},"schema":{"@context":"https:\/\/schema.org","@graph":[{"@type":"WebPage","@id":"https:\/\/floressence.pt\/?page_id=233","url":"https:\/\/floressence.pt\/?page_id=233","name":"Impressum - Flor Essence","isPartOf":{"@id":"https:\/\/floressence.pt\/#website"},"datePublished":"2022-07-04T14:37:16+00:00","dateModified":"2025-04-07T14:38:09+00:00","breadcrumb":{"@id":"https:\/\/floressence.pt\/?page_id=233#breadcrumb"},"inLanguage":"de","potentialAction":[{"@type":"ReadAction","target":["https:\/\/floressence.pt\/?page_id=233"]}]},{"@type":"BreadcrumbList","@id":"https:\/\/floressence.pt\/?page_id=233#breadcrumb","itemListElement":[{"@type":"ListItem","position":1,"name":"Startseite","item":"https:\/\/floressence.pt\/"},{"@type":"ListItem","position":2,"name":"Impressum"}]},{"@type":"WebSite","@id":"https:\/\/floressence.pt\/#website","url":"https:\/\/floressence.pt\/","name":"Flor Essence","description":"Flor Essence","potentialAction":[{"@type":"SearchAction","target":{"@type":"EntryPoint","urlTemplate":"https:\/\/floressence.pt\/?s={search_term_string}"},"query-input":{"@type":"PropertyValueSpecification","valueRequired":true,"valueName":"search_term_string"}}],"inLanguage":"de"}]}},"_links":{"self":[{"href":"https:\/\/floressence.pt\/index.php?rest_route=\/wp\/v2\/pages\/233","targetHints":{"allow":["GET"]}}],"collection":[{"href":"https:\/\/floressence.pt\/index.php?rest_route=\/wp\/v2\/pages"}],"about":[{"href":"https:\/\/floressence.pt\/index.php?rest_route=\/wp\/v2\/types\/page"}],"author":[{"embeddable":true,"href":"https:\/\/floressence.pt\/index.php?rest_route=\/wp\/v2\/users\/1"}],"replies":[{"embeddable":true,"href":"https:\/\/floressence.pt\/index.php?rest_route=%2Fwp%2Fv2%2Fcomments&post=233"}],"version-history":[{"count":5,"href":"https:\/\/floressence.pt\/index.php?rest_route=\/wp\/v2\/pages\/233\/revisions"}],"predecessor-version":[{"id":1512,"href":"https:\/\/floressence.pt\/index.php?rest_route=\/wp\/v2\/pages\/233\/revisions\/1512"}],"wp:attachment":[{"href":"https:\/\/floressence.pt\/index.php?rest_route=%2Fwp%2Fv2%2Fmedia&parent=233"}],"curies":[{"name":"wp","href":"https:\/\/api.w.org\/{rel}","templated":true}]}}